{"id":5501,"date":"2020-09-23T19:38:05","date_gmt":"2020-09-23T17:38:05","guid":{"rendered":"https:\/\/be-giraffe.com\/?post_type=product&#038;p=5501"},"modified":"2024-05-05T10:38:04","modified_gmt":"2024-05-05T08:38:04","slug":"sea-foam","status":"publish","type":"product","link":"https:\/\/be-giraffe.com\/en\/product\/sea-foam\/","title":{"rendered":"Sea Foam"},"content":{"rendered":"<ol>\n<li>Copati BeGiraffe so v celoti ro\u010dno izdelani v Sloveniji<\/li>\n<li>\u010ce z izdelkom niste zadovoljni, ga lahko v roku 14 dni vrnete ali zamenjate<\/li>\n<li>Hitra in zanesljiva dobava v 2-3 delovnih dneh<\/li>\n<\/ol>\n","protected":false},"excerpt":{"rendered":"<p>Copati BeGiraffe so ro\u010dno sestavljeni iz treh skrbno izbranih naravnih materialov: prave konoplje, ov\u010djega filca in plute. Izdelani so s skrbjo do \u017eivali, narave in lokalnega okolja.<\/p>\n","protected":false},"featured_media":6332,"comment_status":"closed","ping_status":"closed","template":"","meta":{"_acf_changed":false},"product_brand":[],"product_cat":[75],"product_tag":[],"class_list":{"0":"post-5501","1":"product","2":"type-product","3":"status-publish","4":"has-post-thumbnail","6":"product_cat-slippers-for-adults","8":"first","9":"instock","10":"sale","11":"shipping-taxable","12":"purchasable","13":"product-type-variable"},"acf":[],"_links":{"self":[{"href":"https:\/\/be-giraffe.com\/en\/wp-json\/wp\/v2\/product\/5501","targetHints":{"allow":["GET"]}}],"collection":[{"href":"https:\/\/be-giraffe.com\/en\/wp-json\/wp\/v2\/product"}],"about":[{"href":"https:\/\/be-giraffe.com\/en\/wp-json\/wp\/v2\/types\/product"}],"replies":[{"embeddable":true,"href":"https:\/\/be-giraffe.com\/en\/wp-json\/wp\/v2\/comments?post=5501"}],"wp:featuredmedia":[{"embeddable":true,"href":"https:\/\/be-giraffe.com\/en\/wp-json\/wp\/v2\/media\/6332"}],"wp:attachment":[{"href":"https:\/\/be-giraffe.com\/en\/wp-json\/wp\/v2\/media?parent=5501"}],"wp:term":[{"taxonomy":"product_brand","embeddable":true,"href":"https:\/\/be-giraffe.com\/en\/wp-json\/wp\/v2\/product_brand?post=5501"},{"taxonomy":"product_cat","embeddable":true,"href":"https:\/\/be-giraffe.com\/en\/wp-json\/wp\/v2\/product_cat?post=5501"},{"taxonomy":"product_tag","embeddable":true,"href":"https:\/\/be-giraffe.com\/en\/wp-json\/wp\/v2\/product_tag?post=5501"}],"curies":[{"name":"wp","href":"https:\/\/api.w.org\/{rel}","templated":true}]}}